{"id":356,"date":"2023-08-31T07:31:00","date_gmt":"2023-08-31T07:31:00","guid":{"rendered":"https:\/\/weservices.es\/?page_id=356"},"modified":"2023-09-03T16:01:44","modified_gmt":"2023-09-03T16:01:44","slug":"politica-de-privacidad","status":"publish","type":"page","link":"https:\/\/weservices.es\/en\/politica-de-privacidad\/","title":{"rendered":"Privacy Policy"},"content":{"rendered":"<div data-elementor-type=\"wp-page\" data-elementor-id=\"356\" class=\"elementor elementor-356\" data-elementor-post-type=\"page\">\n\t\t\t\t\t\t<section class=\"elementor-section elementor-top-section elementor-element elementor-element-22c955c elementor-section-boxed elementor-section-height-default elementor-section-height-default\" data-id=\"22c955c\" data-element_type=\"section\" data-settings=\"{&quot;background_background&quot;:&quot;classic&quot;}\">\n\t\t\t\t\t\t<div class=\"elementor-container elementor-column-gap-default\">\n\t\t\t\t\t<div class=\"elementor-column elementor-col-100 elementor-top-column elementor-element elementor-element-9aa32d4\" data-id=\"9aa32d4\" data-element_type=\"column\">\n\t\t\t<div class=\"elementor-widget-wrap elementor-element-populated\">\n\t\t\t\t\t\t<div class=\"elementor-element elementor-element-029751f elementor-widget elementor-widget-elementskit-heading\" data-id=\"029751f\" data-element_type=\"widget\" data-widget_type=\"elementskit-heading.default\">\n\t\t\t\t<div class=\"elementor-widget-container\">\n\t\t\t<div class=\"ekit-wid-con\" ><div class=\"ekit-heading elementskit-section-title-wraper text_left   ekit_heading_tablet-   ekit_heading_mobile-\"><h1 class=\"ekit-heading--title elementskit-section-title\">Privacy Policy<\/h1><\/div><\/div>\t\t<\/div>\n\t\t\t\t<\/div>\n\t\t\t\t<div class=\"elementor-element elementor-element-83136bc elementor-widget elementor-widget-text-editor\" data-id=\"83136bc\" data-element_type=\"widget\" data-widget_type=\"text-editor.default\">\n\t\t\t\t<div class=\"elementor-widget-container\">\n\t\t\t<style>\/*! elementor - v3.20.0 - 20-03-2024 *\/\n.elementor-widget-text-editor.elementor-drop-cap-view-stacked .elementor-drop-cap{background-color:#69727d;color:#fff}.elementor-widget-text-editor.elementor-drop-cap-view-framed .elementor-drop-cap{color:#69727d;border:3px solid;background-color:transparent}.elementor-widget-text-editor:not(.elementor-drop-cap-view-default) .elementor-drop-cap{margin-top:8px}.elementor-widget-text-editor:not(.elementor-drop-cap-view-default) .elementor-drop-cap-letter{width:1em;height:1em}.elementor-widget-text-editor .elementor-drop-cap{float:left;text-align:center;line-height:1;font-size:50px}.elementor-widget-text-editor .elementor-drop-cap-letter{display:inline-block}<\/style>\t\t\t\t<p><strong>Datos identificativos<\/strong><\/p><p>Servicios de exposici\u00f3n mundial, S.L.<br \/>C\/ Estel\u00ed n\u00ba 17-19 \/ local 3<br \/>08980 Sant Feliu de Llobregat (Barcelona)<br \/>correo electr\u00f3nico:\u00a0<a href=\"mailto:general@weservices.es\">general@weservices.es<\/a><br \/>Telf. +34 936 667 142<br \/>Fax +34 936 667 142<\/p><p><strong>Derechos de propiedad intelectual<\/strong><\/p><p>Los contenidos de este sitio web, incluidos, entre otros, im\u00e1genes, logotipos, gr\u00e1ficos, animaciones y textos, y el nombre de dominio www.weservices.es son propiedad de WE Services, o han adquirido los derechos de autor de sus propietarios y est\u00e1n protegidos por las leyes y Los tratados internacionales sobre derechos de propiedad intelectual y, en su caso, industrial, as\u00ed como la normativa que regula los nombres de dominio.<\/p><p><strong>Acceso a la informaci\u00f3n<\/strong><\/p><p>En cualquier momento, usted tiene la posibilidad de ejercitar los derechos de acceso (solicitud de informaci\u00f3n sobre datos personales), modificaci\u00f3n o cancelaci\u00f3n de la Pol\u00edtica (solicitud de rectificaci\u00f3n o supresi\u00f3n de los datos personales inexactos o incorrectos tratados dentro de un fichero) y oposici\u00f3n en virtud de la Ley del Protecci\u00f3n de Datos Personales.<\/p><p>Si desea conocer los datos personales de WE Services. S.L. tiene almacenados en la base de datos, o si por el contrario no desea que disponga de ning\u00fan dato personal, puede ponerse en contacto con nosotros de la siguiente manera: enviando un fax al +34 936 667 142, presentando una solicitud escrita y firmada a WE Services, C \/ Estel\u00ed n\u00ba 17-19 \/ local 308980 Sant Feliu de Llobregat (Barcelona) o correo electr\u00f3nico a\u00a0<a href=\"mailto:general@weservices.es\">general@weservices.es<\/a>\u00a0El formulario de solicitud deber\u00e1 contener la siguientes datos: nombre del usuario, direcci\u00f3n a efectos de correspondencia, fotocopia del DNI y petici\u00f3n espec\u00edfica del formulario de solicitud.<\/p><p>WE Services, conservar\u00e1 los datos personales recabados y adoptar\u00e1 las medidas necesarias para evitar su alteraci\u00f3n, p\u00e9rdida o acceso no autorizado. WE Services cumple con sus obligaciones de conformidad con la normativa aplicable.<\/p>\t\t\t\t\t\t<\/div>\n\t\t\t\t<\/div>\n\t\t\t\t\t<\/div>\n\t\t<\/div>\n\t\t\t\t\t<\/div>\n\t\t<\/section>\n\t\t\t\t<\/div>","protected":false},"excerpt":{"rendered":"<p>pol\u00edtica de privacidad Datos identificativos Servicios de exposici\u00f3n mundial, S.L.C\/ Estel\u00ed n\u00ba 17-19 \/ local 308980 Sant Feliu de Llobregat (Barcelona)correo electr\u00f3nico:\u00a0general@weservices.esTelf. +34 936 667 142Fax +34 936 667 142 Derechos de propiedad intelectual Los contenidos de este sitio web, incluidos, entre otros, im\u00e1genes, logotipos, gr\u00e1ficos, animaciones y textos, y el nombre de dominio www.weservices.es [&hellip;]<\/p>","protected":false},"author":2,"featured_media":0,"parent":0,"menu_order":0,"comment_status":"closed","ping_status":"closed","template":"elementor_header_footer","meta":{"footnotes":""},"yoast_head":"<!-- This site is optimized with the Yoast SEO plugin v22.3 - https:\/\/yoast.com\/wordpress\/plugins\/seo\/ -->\n<title>pol\u00edtica de privacidad - We Services<\/title>\n<meta name=\"robots\" content=\"index, follow, max-snippet:-1, max-image-preview:large, max-video-preview:-1\" \/>\n<link rel=\"canonical\" href=\"https:\/\/weservices.es\/en\/politica-de-privacidad\/\" \/>\n<meta property=\"og:locale\" content=\"en_US\" \/>\n<meta property=\"og:type\" content=\"article\" \/>\n<meta property=\"og:title\" content=\"pol\u00edtica de privacidad - We Services\" \/>\n<meta property=\"og:description\" content=\"pol\u00edtica de privacidad Datos identificativos Servicios de exposici\u00f3n mundial, S.L.C\/ Estel\u00ed n\u00ba 17-19 \/ local 308980 Sant Feliu de Llobregat (Barcelona)correo electr\u00f3nico:\u00a0general@weservices.esTelf. +34 936 667 142Fax +34 936 667 142 Derechos de propiedad intelectual Los contenidos de este sitio web, incluidos, entre otros, im\u00e1genes, logotipos, gr\u00e1ficos, animaciones y textos, y el nombre de dominio www.weservices.es [&hellip;]\" \/>\n<meta property=\"og:url\" content=\"https:\/\/weservices.es\/en\/politica-de-privacidad\/\" \/>\n<meta property=\"og:site_name\" content=\"We Services\" \/>\n<meta property=\"article:modified_time\" content=\"2023-09-03T16:01:44+00:00\" \/>\n<meta name=\"twitter:card\" content=\"summary_large_image\" \/>\n<meta name=\"twitter:label1\" content=\"Est. reading time\" \/>\n\t<meta name=\"twitter:data1\" content=\"2 minutes\" \/>\n<script type=\"application\/ld+json\" class=\"yoast-schema-graph\">{\"@context\":\"https:\/\/schema.org\",\"@graph\":[{\"@type\":\"WebPage\",\"@id\":\"https:\/\/weservices.es\/politica-de-privacidad\/\",\"url\":\"https:\/\/weservices.es\/politica-de-privacidad\/\",\"name\":\"pol\u00edtica de privacidad - We Services\",\"isPartOf\":{\"@id\":\"https:\/\/weservices.es\/#website\"},\"datePublished\":\"2023-08-31T07:31:00+00:00\",\"dateModified\":\"2023-09-03T16:01:44+00:00\",\"breadcrumb\":{\"@id\":\"https:\/\/weservices.es\/politica-de-privacidad\/#breadcrumb\"},\"inLanguage\":\"en-US\",\"potentialAction\":[{\"@type\":\"ReadAction\",\"target\":[\"https:\/\/weservices.es\/politica-de-privacidad\/\"]}]},{\"@type\":\"BreadcrumbList\",\"@id\":\"https:\/\/weservices.es\/politica-de-privacidad\/#breadcrumb\",\"itemListElement\":[{\"@type\":\"ListItem\",\"position\":1,\"name\":\"Portada\",\"item\":\"https:\/\/weservices.es\/\"},{\"@type\":\"ListItem\",\"position\":2,\"name\":\"pol\u00edtica de privacidad\"}]},{\"@type\":\"WebSite\",\"@id\":\"https:\/\/weservices.es\/#website\",\"url\":\"https:\/\/weservices.es\/\",\"name\":\"We Services\",\"description\":\"Transport for fairs and events\",\"potentialAction\":[{\"@type\":\"SearchAction\",\"target\":{\"@type\":\"EntryPoint\",\"urlTemplate\":\"https:\/\/weservices.es\/?s={search_term_string}\"},\"query-input\":\"required name=search_term_string\"}],\"inLanguage\":\"en-US\"}]}<\/script>\n<!-- \/ Yoast SEO plugin. -->","yoast_head_json":{"title":"pol\u00edtica de privacidad - We Services","robots":{"index":"index","follow":"follow","max-snippet":"max-snippet:-1","max-image-preview":"max-image-preview:large","max-video-preview":"max-video-preview:-1"},"canonical":"https:\/\/weservices.es\/en\/politica-de-privacidad\/","og_locale":"en_US","og_type":"article","og_title":"pol\u00edtica de privacidad - We Services","og_description":"pol\u00edtica de privacidad Datos identificativos Servicios de exposici\u00f3n mundial, S.L.C\/ Estel\u00ed n\u00ba 17-19 \/ local 308980 Sant Feliu de Llobregat (Barcelona)correo electr\u00f3nico:\u00a0general@weservices.esTelf. +34 936 667 142Fax +34 936 667 142 Derechos de propiedad intelectual Los contenidos de este sitio web, incluidos, entre otros, im\u00e1genes, logotipos, gr\u00e1ficos, animaciones y textos, y el nombre de dominio www.weservices.es [&hellip;]","og_url":"https:\/\/weservices.es\/en\/politica-de-privacidad\/","og_site_name":"We Services","article_modified_time":"2023-09-03T16:01:44+00:00","twitter_card":"summary_large_image","twitter_misc":{"Est. reading time":"2 minutes"},"schema":{"@context":"https:\/\/schema.org","@graph":[{"@type":"WebPage","@id":"https:\/\/weservices.es\/politica-de-privacidad\/","url":"https:\/\/weservices.es\/politica-de-privacidad\/","name":"pol\u00edtica de privacidad - We Services","isPartOf":{"@id":"https:\/\/weservices.es\/#website"},"datePublished":"2023-08-31T07:31:00+00:00","dateModified":"2023-09-03T16:01:44+00:00","breadcrumb":{"@id":"https:\/\/weservices.es\/politica-de-privacidad\/#breadcrumb"},"inLanguage":"en-US","potentialAction":[{"@type":"ReadAction","target":["https:\/\/weservices.es\/politica-de-privacidad\/"]}]},{"@type":"BreadcrumbList","@id":"https:\/\/weservices.es\/politica-de-privacidad\/#breadcrumb","itemListElement":[{"@type":"ListItem","position":1,"name":"Portada","item":"https:\/\/weservices.es\/"},{"@type":"ListItem","position":2,"name":"pol\u00edtica de privacidad"}]},{"@type":"WebSite","@id":"https:\/\/weservices.es\/#website","url":"https:\/\/weservices.es\/","name":"We Services","description":"Transport for fairs and events","potentialAction":[{"@type":"SearchAction","target":{"@type":"EntryPoint","urlTemplate":"https:\/\/weservices.es\/?s={search_term_string}"},"query-input":"required name=search_term_string"}],"inLanguage":"en-US"}]}},"_links":{"self":[{"href":"https:\/\/weservices.es\/en\/wp-json\/wp\/v2\/pages\/356"}],"collection":[{"href":"https:\/\/weservices.es\/en\/wp-json\/wp\/v2\/pages"}],"about":[{"href":"https:\/\/weservices.es\/en\/wp-json\/wp\/v2\/types\/page"}],"author":[{"embeddable":true,"href":"https:\/\/weservices.es\/en\/wp-json\/wp\/v2\/users\/2"}],"replies":[{"embeddable":true,"href":"https:\/\/weservices.es\/en\/wp-json\/wp\/v2\/comments?post=356"}],"version-history":[{"count":8,"href":"https:\/\/weservices.es\/en\/wp-json\/wp\/v2\/pages\/356\/revisions"}],"predecessor-version":[{"id":1649,"href":"https:\/\/weservices.es\/en\/wp-json\/wp\/v2\/pages\/356\/revisions\/1649"}],"wp:attachment":[{"href":"https:\/\/weservices.es\/en\/wp-json\/wp\/v2\/media?parent=356"}],"curies":[{"name":"wp","href":"https:\/\/api.w.org\/{rel}","templated":true}]}}