{"id":46,"date":"2023-08-30T18:35:29","date_gmt":"2023-08-30T18:35:29","guid":{"rendered":"https:\/\/weservices.es\/?page_id=46"},"modified":"2024-02-15T10:38:28","modified_gmt":"2024-02-15T10:38:28","slug":"nosotros","status":"publish","type":"page","link":"https:\/\/weservices.es\/en\/nosotros\/","title":{"rendered":"WE ARE"},"content":{"rendered":"<div data-elementor-type=\"wp-page\" data-elementor-id=\"46\" class=\"elementor elementor-46\" data-elementor-post-type=\"page\">\n\t\t\t\t\t\t<section class=\"elementor-section elementor-top-section elementor-element elementor-element-11202b67 elementor-section-boxed elementor-section-height-default elementor-section-height-default\" data-id=\"11202b67\" data-element_type=\"section\" data-settings=\"{&quot;background_background&quot;:&quot;classic&quot;}\">\n\t\t\t\t\t\t<div class=\"elementor-container elementor-column-gap-default\">\n\t\t\t\t\t<div class=\"elementor-column elementor-col-50 elementor-top-column elementor-element elementor-element-75f1b3f9\" data-id=\"75f1b3f9\" data-element_type=\"column\">\n\t\t\t<div class=\"elementor-widget-wrap elementor-element-populated\">\n\t\t\t\t\t\t<div class=\"elementor-element elementor-element-3f032acd elementor-widget elementor-widget-heading\" data-id=\"3f032acd\" data-element_type=\"widget\" data-widget_type=\"heading.default\">\n\t\t\t\t<div class=\"elementor-widget-container\">\n\t\t\t<style>\/*! elementor - v3.20.0 - 20-03-2024 *\/\n.elementor-heading-title{padding:0;margin:0;line-height:1}.elementor-widget-heading .elementor-heading-title[class*=elementor-size-]>a{color:inherit;font-size:inherit;line-height:inherit}.elementor-widget-heading .elementor-heading-title.elementor-size-small{font-size:15px}.elementor-widget-heading .elementor-heading-title.elementor-size-medium{font-size:19px}.elementor-widget-heading .elementor-heading-title.elementor-size-large{font-size:29px}.elementor-widget-heading .elementor-heading-title.elementor-size-xl{font-size:39px}.elementor-widget-heading .elementor-heading-title.elementor-size-xxl{font-size:59px}<\/style><div class=\"elementor-heading-title elementor-size-default\">About us<\/div>\t\t<\/div>\n\t\t\t\t<\/div>\n\t\t\t\t<div class=\"elementor-element elementor-element-1811ae elementor-widget elementor-widget-elementskit-heading\" data-id=\"1811ae\" data-element_type=\"widget\" data-widget_type=\"elementskit-heading.default\">\n\t\t\t\t<div class=\"elementor-widget-container\">\n\t\t\t<div class=\"ekit-wid-con\" ><div class=\"ekit-heading elementskit-section-title-wraper text_left   ekit_heading_tablet-   ekit_heading_mobile-\"><h1 class=\"ekit-heading--title elementskit-section-title\">We have more than 10 years of <span><span>Experience<\/span><\/span><\/h1><\/div><\/div>\t\t<\/div>\n\t\t\t\t<\/div>\n\t\t\t\t<div class=\"elementor-element elementor-element-e4f4a22 elementor-widget elementor-widget-text-editor\" data-id=\"e4f4a22\" data-element_type=\"widget\" data-widget_type=\"text-editor.default\">\n\t\t\t\t<div class=\"elementor-widget-container\">\n\t\t\t<style>\/*! elementor - v3.20.0 - 20-03-2024 *\/\n.elementor-widget-text-editor.elementor-drop-cap-view-stacked .elementor-drop-cap{background-color:#69727d;color:#fff}.elementor-widget-text-editor.elementor-drop-cap-view-framed .elementor-drop-cap{color:#69727d;border:3px solid;background-color:transparent}.elementor-widget-text-editor:not(.elementor-drop-cap-view-default) .elementor-drop-cap{margin-top:8px}.elementor-widget-text-editor:not(.elementor-drop-cap-view-default) .elementor-drop-cap-letter{width:1em;height:1em}.elementor-widget-text-editor .elementor-drop-cap{float:left;text-align:center;line-height:1;font-size:50px}.elementor-widget-text-editor .elementor-drop-cap-letter{display:inline-block}<\/style>\t\t\t\t<p>Worldwide Exhibit Services, SL is the result of a combination of concepts such as experience, vision and dedication to a job well done. Our company finds the union of several visions of business and work, generational differences and thinking, and they come together in a much broader vision of the possibilities that our industry offers. With more than thirty years of experience in the logistics of national and international fairs and events, different members of the organization have experienced all imaginable situations and we have worked to solve any problem that occurred, which is why our spirit is to face each service with the utmost rigor. and focused on achieving the best service, focusing our efforts on ensuring that the client does not have to worry about anything other than attending the event.<\/p>\t\t\t\t\t\t<\/div>\n\t\t\t\t<\/div>\n\t\t\t\t\t<\/div>\n\t\t<\/div>\n\t\t\t\t<div class=\"elementor-column elementor-col-50 elementor-top-column elementor-element elementor-element-385c9a55\" data-id=\"385c9a55\" data-element_type=\"column\">\n\t\t\t<div class=\"elementor-widget-wrap elementor-element-populated\">\n\t\t\t\t\t\t<div class=\"elementor-element elementor-element-47a3c83f elementor-widget elementor-widget-image\" data-id=\"47a3c83f\" data-element_type=\"widget\" data-widget_type=\"image.default\">\n\t\t\t\t<div class=\"elementor-widget-container\">\n\t\t\t<style>\/*! elementor - v3.20.0 - 20-03-2024 *\/\n.elementor-widget-image{text-align:center}.elementor-widget-image a{display:inline-block}.elementor-widget-image a img[src$=\".svg\"]{width:48px}.elementor-widget-image img{vertical-align:middle;display:inline-block}<\/style>\t\t\t\t\t\t\t\t\t\t<img fetchpriority=\"high\" decoding=\"async\" width=\"600\" height=\"900\" src=\"https:\/\/weservices.es\/wp-content\/uploads\/2023\/08\/P7.jpg\" class=\"attachment-full size-full wp-image-36\" alt=\"\" srcset=\"https:\/\/weservices.es\/wp-content\/uploads\/2023\/08\/P7.jpg 600w, https:\/\/weservices.es\/wp-content\/uploads\/2023\/08\/P7-200x300.jpg 200w\" sizes=\"(max-width: 600px) 100vw, 600px\" \/>\t\t\t\t\t\t\t\t\t\t\t\t\t<\/div>\n\t\t\t\t<\/div>\n\t\t\t\t\t<\/div>\n\t\t<\/div>\n\t\t\t\t\t<\/div>\n\t\t<\/section>\n\t\t\t\t<section class=\"elementor-section elementor-top-section elementor-element elementor-element-7511f6a elementor-section-boxed elementor-section-height-default elementor-section-height-default\" data-id=\"7511f6a\" data-element_type=\"section\" data-settings=\"{&quot;background_background&quot;:&quot;classic&quot;}\">\n\t\t\t\t\t\t<div class=\"elementor-container elementor-column-gap-default\">\n\t\t\t\t\t<div class=\"elementor-column elementor-col-25 elementor-top-column elementor-element elementor-element-194cafc5\" data-id=\"194cafc5\" data-element_type=\"column\">\n\t\t\t<div class=\"elementor-widget-wrap elementor-element-populated\">\n\t\t\t\t\t\t<div class=\"elementor-element elementor-element-639a597 ekit-equal-height-enable elementor-widget elementor-widget-elementskit-icon-box\" data-id=\"639a597\" data-element_type=\"widget\" data-widget_type=\"elementskit-icon-box.default\">\n\t\t\t\t<div class=\"elementor-widget-container\">\n\t\t\t<div class=\"ekit-wid-con\" >        <!-- link opening -->\n                <a href=\"#\" class=\"ekit_global_links\">\n                <!-- end link opening -->\n\n        <div class=\"elementskit-infobox text-center text-center icon-top-align elementor-animation-\">\n                    <div class=\"elementskit-box-header elementor-animation-\">\n                <div class=\"elementskit-info-box-icon\">\n                    <i aria-hidden=\"true\" class=\"elementkit-infobox-icon fas fa-ship\"><\/i>\n                <\/div>\n          <\/div>\n                        <div class=\"box-body\">\n                            <h3 class=\"elementskit-info-box-title\">\n                    Transporte mar\u00edtimo                <\/h3>\n                        \t\t  <p>Our experience in the exhibition and events sector is over 30 years.<\/p>\n                                <\/div>\n        \n        \n                <\/div>\n                <\/a>\n        <\/div>\t\t<\/div>\n\t\t\t\t<\/div>\n\t\t\t\t\t<\/div>\n\t\t<\/div>\n\t\t\t\t<div class=\"elementor-column elementor-col-25 elementor-top-column elementor-element elementor-element-54159983\" data-id=\"54159983\" data-element_type=\"column\">\n\t\t\t<div class=\"elementor-widget-wrap elementor-element-populated\">\n\t\t\t\t\t\t<div class=\"elementor-element elementor-element-446cadc5 ekit-equal-height-enable elementor-widget elementor-widget-elementskit-icon-box\" data-id=\"446cadc5\" data-element_type=\"widget\" data-widget_type=\"elementskit-icon-box.default\">\n\t\t\t\t<div class=\"elementor-widget-container\">\n\t\t\t<div class=\"ekit-wid-con\" >        <!-- link opening -->\n                <a href=\"#\" class=\"ekit_global_links\">\n                <!-- end link opening -->\n\n        <div class=\"elementskit-infobox text-center text-center icon-top-align elementor-animation-\">\n                    <div class=\"elementskit-box-header elementor-animation-\">\n                <div class=\"elementskit-info-box-icon\">\n                    <i aria-hidden=\"true\" class=\"elementkit-infobox-icon icon icon-factory\"><\/i>\n                <\/div>\n          <\/div>\n                        <div class=\"box-body\">\n                            <h3 class=\"elementskit-info-box-title\">\n                    Almacenamiento                <\/h3>\n                        \t\t  <p>Total dedication to achieve our ultimate goal: peace of mind.<\/p>\n                                <\/div>\n        \n        \n                <\/div>\n                <\/a>\n        <\/div>\t\t<\/div>\n\t\t\t\t<\/div>\n\t\t\t\t\t<\/div>\n\t\t<\/div>\n\t\t\t\t<div class=\"elementor-column elementor-col-25 elementor-top-column elementor-element elementor-element-313c4fb6\" data-id=\"313c4fb6\" data-element_type=\"column\">\n\t\t\t<div class=\"elementor-widget-wrap elementor-element-populated\">\n\t\t\t\t\t\t<div class=\"elementor-element elementor-element-2ba235c5 ekit-equal-height-enable elementor-widget elementor-widget-elementskit-icon-box\" data-id=\"2ba235c5\" data-element_type=\"widget\" data-widget_type=\"elementskit-icon-box.default\">\n\t\t\t\t<div class=\"elementor-widget-container\">\n\t\t\t<div class=\"ekit-wid-con\" >        <!-- link opening -->\n                <a href=\"#\" class=\"ekit_global_links\">\n                <!-- end link opening -->\n\n        <div class=\"elementskit-infobox text-center text-center icon-top-align elementor-animation-\">\n                    <div class=\"elementskit-box-header elementor-animation-\">\n                <div class=\"elementskit-info-box-icon\">\n                    <i aria-hidden=\"true\" class=\"elementkit-infobox-icon icon icon-paper-plane\"><\/i>\n                <\/div>\n          <\/div>\n                        <div class=\"box-body\">\n                            <h3 class=\"elementskit-info-box-title\">\n                    Air Transport                <\/h3>\n                        \t\t  <p>Where? When? It doesn't matter, let's do it.<\/p>\n                                <\/div>\n        \n        \n                <\/div>\n                <\/a>\n        <\/div>\t\t<\/div>\n\t\t\t\t<\/div>\n\t\t\t\t\t<\/div>\n\t\t<\/div>\n\t\t\t\t<div class=\"elementor-column elementor-col-25 elementor-top-column elementor-element elementor-element-6c6de87d\" data-id=\"6c6de87d\" data-element_type=\"column\">\n\t\t\t<div class=\"elementor-widget-wrap elementor-element-populated\">\n\t\t\t\t\t\t<div class=\"elementor-element elementor-element-4beee842 ekit-equal-height-enable elementor-widget elementor-widget-elementskit-icon-box\" data-id=\"4beee842\" data-element_type=\"widget\" data-widget_type=\"elementskit-icon-box.default\">\n\t\t\t\t<div class=\"elementor-widget-container\">\n\t\t\t<div class=\"ekit-wid-con\" >        <!-- link opening -->\n                <a href=\"#\" class=\"ekit_global_links\">\n                <!-- end link opening -->\n\n        <div class=\"elementskit-infobox text-center text-center icon-top-align elementor-animation-\">\n                    <div class=\"elementskit-box-header elementor-animation-\">\n                <div class=\"elementskit-info-box-icon\">\n                    <i aria-hidden=\"true\" class=\"elementkit-infobox-icon icon icon-truck1\"><\/i>\n                <\/div>\n          <\/div>\n                        <div class=\"box-body\">\n                            <h3 class=\"elementskit-info-box-title\">\n                    Transporte carretera                <\/h3>\n                        \t\t  <p>Customer problems become our challenges, give us a try!<\/p>\n                                <\/div>\n        \n        \n                <\/div>\n                <\/a>\n        <\/div>\t\t<\/div>\n\t\t\t\t<\/div>\n\t\t\t\t\t<\/div>\n\t\t<\/div>\n\t\t\t\t\t<\/div>\n\t\t<\/section>\n\t\t\t\t<section class=\"elementor-section elementor-top-section elementor-element elementor-element-d1cceed elementor-section-content-middle elementor-section-boxed elementor-section-height-default elementor-section-height-default\" data-id=\"d1cceed\" data-element_type=\"section\">\n\t\t\t\t\t\t<div class=\"elementor-container elementor-column-gap-default\">\n\t\t\t\t\t<div class=\"elementor-column elementor-col-50 elementor-top-column elementor-element elementor-element-58649cb\" data-id=\"58649cb\" data-element_type=\"column\">\n\t\t\t<div class=\"elementor-widget-wrap elementor-element-populated\">\n\t\t\t\t\t\t<div class=\"elementor-element elementor-element-ae11013 elementor-widget elementor-widget-image\" data-id=\"ae11013\" data-element_type=\"widget\" data-widget_type=\"image.default\">\n\t\t\t\t<div class=\"elementor-widget-container\">\n\t\t\t\t\t\t\t\t\t\t\t\t\t<img decoding=\"async\" width=\"1024\" height=\"682\" src=\"https:\/\/weservices.es\/wp-content\/uploads\/2024\/02\/transitarios-barcelona-1024x682-1.jpg\" class=\"attachment-full size-full wp-image-1710\" alt=\"\" srcset=\"https:\/\/weservices.es\/wp-content\/uploads\/2024\/02\/transitarios-barcelona-1024x682-1.jpg 1024w, https:\/\/weservices.es\/wp-content\/uploads\/2024\/02\/transitarios-barcelona-1024x682-1-300x200.jpg 300w, https:\/\/weservices.es\/wp-content\/uploads\/2024\/02\/transitarios-barcelona-1024x682-1-768x512.jpg 768w, https:\/\/weservices.es\/wp-content\/uploads\/2024\/02\/transitarios-barcelona-1024x682-1-18x12.jpg 18w\" sizes=\"(max-width: 1024px) 100vw, 1024px\" \/>\t\t\t\t\t\t\t\t\t\t\t\t\t<\/div>\n\t\t\t\t<\/div>\n\t\t\t\t\t<\/div>\n\t\t<\/div>\n\t\t\t\t<div class=\"elementor-column elementor-col-50 elementor-top-column elementor-element elementor-element-6d16921\" data-id=\"6d16921\" data-element_type=\"column\">\n\t\t\t<div class=\"elementor-widget-wrap elementor-element-populated\">\n\t\t\t\t\t\t<div class=\"elementor-element elementor-element-1a28839 elementor-widget elementor-widget-heading\" data-id=\"1a28839\" data-element_type=\"widget\" data-widget_type=\"heading.default\">\n\t\t\t\t<div class=\"elementor-widget-container\">\n\t\t\t<div class=\"elementor-heading-title elementor-size-default\">WHY CHOOSE US<\/div>\t\t<\/div>\n\t\t\t\t<\/div>\n\t\t\t\t<div class=\"elementor-element elementor-element-f440f2d elementor-widget elementor-widget-elementskit-heading\" data-id=\"f440f2d\" data-element_type=\"widget\" data-widget_type=\"elementskit-heading.default\">\n\t\t\t\t<div class=\"elementor-widget-container\">\n\t\t\t<div class=\"ekit-wid-con\" ><div class=\"ekit-heading elementskit-section-title-wraper text_left   ekit_heading_tablet-   ekit_heading_mobile-\"><h4 class=\"ekit-heading--title elementskit-section-title\">WE SERVICES, nuestra fortaleza<\/h4><\/div><\/div>\t\t<\/div>\n\t\t\t\t<\/div>\n\t\t\t\t<div class=\"elementor-element elementor-element-4d2c81d elementor-widget elementor-widget-text-editor\" data-id=\"4d2c81d\" data-element_type=\"widget\" data-widget_type=\"text-editor.default\">\n\t\t\t\t<div class=\"elementor-widget-container\">\n\t\t\t\t\t\t\t<p>WE Services assist exhibitors with pre and post shipping procedures. We manage the transport to and from the home at the end of the event, using any means of transport, carrying out customs procedures, if applicable, both at the entrance and at the exit. We provide handling and delivery to exhibition venues, convention centers, hotels and conferences around the world, open to any suggestion and ready for any challenge.<\/p>\t\t\t\t\t\t<\/div>\n\t\t\t\t<\/div>\n\t\t\t\t\t<\/div>\n\t\t<\/div>\n\t\t\t\t\t<\/div>\n\t\t<\/section>\n\t\t\t\t<\/div>","protected":false},"excerpt":{"rendered":"<p>Sobre nosotros Tenemos m\u00e1s de 10 a\u00f1os de Experiencia Worldwide Exhibit Services, SL es el resultado de una combinaci\u00f3n de conceptos como experiencia, visi\u00f3n y dedicaci\u00f3n al trabajo bien hecho. Nuestra empresa encuentra la uni\u00f3n de varias visiones de lo empresarial y laboral, las diferencias generacionales y de pensamiento, y se confluyen en una visi\u00f3n [&hellip;]<\/p>","protected":false},"author":2,"featured_media":0,"parent":0,"menu_order":0,"comment_status":"closed","ping_status":"open","template":"elementor_header_footer","meta":{"footnotes":""},"yoast_head":"<!-- This site is optimized with the Yoast SEO plugin v22.3 - https:\/\/yoast.com\/wordpress\/plugins\/seo\/ -->\n<title>NOSOTROS - We Services<\/title>\n<meta name=\"robots\" content=\"index, follow, max-snippet:-1, max-image-preview:large, max-video-preview:-1\" \/>\n<link rel=\"canonical\" href=\"https:\/\/weservices.es\/en\/nosotros\/\" \/>\n<meta property=\"og:locale\" content=\"en_US\" \/>\n<meta property=\"og:type\" content=\"article\" \/>\n<meta property=\"og:title\" content=\"NOSOTROS - We Services\" \/>\n<meta property=\"og:description\" content=\"Sobre nosotros Tenemos m\u00e1s de 10 a\u00f1os de Experiencia Worldwide Exhibit Services, SL es el resultado de una combinaci\u00f3n de conceptos como experiencia, visi\u00f3n y dedicaci\u00f3n al trabajo bien hecho. Nuestra empresa encuentra la uni\u00f3n de varias visiones de lo empresarial y laboral, las diferencias generacionales y de pensamiento, y se confluyen en una visi\u00f3n [&hellip;]\" \/>\n<meta property=\"og:url\" content=\"https:\/\/weservices.es\/en\/nosotros\/\" \/>\n<meta property=\"og:site_name\" content=\"We Services\" \/>\n<meta property=\"article:modified_time\" content=\"2024-02-15T10:38:28+00:00\" \/>\n<meta property=\"og:image\" content=\"https:\/\/weservices.es\/wp-content\/uploads\/2023\/08\/P7.jpg\" \/>\n<meta name=\"twitter:card\" content=\"summary_large_image\" \/>\n<meta name=\"twitter:label1\" content=\"Est. reading time\" \/>\n\t<meta name=\"twitter:data1\" content=\"1 minute\" \/>\n<script type=\"application\/ld+json\" class=\"yoast-schema-graph\">{\"@context\":\"https:\/\/schema.org\",\"@graph\":[{\"@type\":\"WebPage\",\"@id\":\"https:\/\/weservices.es\/nosotros\/\",\"url\":\"https:\/\/weservices.es\/nosotros\/\",\"name\":\"NOSOTROS - We Services\",\"isPartOf\":{\"@id\":\"https:\/\/weservices.es\/#website\"},\"primaryImageOfPage\":{\"@id\":\"https:\/\/weservices.es\/nosotros\/#primaryimage\"},\"image\":{\"@id\":\"https:\/\/weservices.es\/nosotros\/#primaryimage\"},\"thumbnailUrl\":\"https:\/\/weservices.es\/wp-content\/uploads\/2023\/08\/P7.jpg\",\"datePublished\":\"2023-08-30T18:35:29+00:00\",\"dateModified\":\"2024-02-15T10:38:28+00:00\",\"breadcrumb\":{\"@id\":\"https:\/\/weservices.es\/nosotros\/#breadcrumb\"},\"inLanguage\":\"en-US\",\"potentialAction\":[{\"@type\":\"ReadAction\",\"target\":[\"https:\/\/weservices.es\/nosotros\/\"]}]},{\"@type\":\"ImageObject\",\"inLanguage\":\"en-US\",\"@id\":\"https:\/\/weservices.es\/nosotros\/#primaryimage\",\"url\":\"https:\/\/weservices.es\/wp-content\/uploads\/2023\/08\/P7.jpg\",\"contentUrl\":\"https:\/\/weservices.es\/wp-content\/uploads\/2023\/08\/P7.jpg\",\"width\":600,\"height\":900},{\"@type\":\"BreadcrumbList\",\"@id\":\"https:\/\/weservices.es\/nosotros\/#breadcrumb\",\"itemListElement\":[{\"@type\":\"ListItem\",\"position\":1,\"name\":\"Portada\",\"item\":\"https:\/\/weservices.es\/\"},{\"@type\":\"ListItem\",\"position\":2,\"name\":\"NOSOTROS\"}]},{\"@type\":\"WebSite\",\"@id\":\"https:\/\/weservices.es\/#website\",\"url\":\"https:\/\/weservices.es\/\",\"name\":\"We Services\",\"description\":\"Transport for fairs and events\",\"potentialAction\":[{\"@type\":\"SearchAction\",\"target\":{\"@type\":\"EntryPoint\",\"urlTemplate\":\"https:\/\/weservices.es\/?s={search_term_string}\"},\"query-input\":\"required name=search_term_string\"}],\"inLanguage\":\"en-US\"}]}<\/script>\n<!-- \/ Yoast SEO plugin. -->","yoast_head_json":{"title":"NOSOTROS - We Services","robots":{"index":"index","follow":"follow","max-snippet":"max-snippet:-1","max-image-preview":"max-image-preview:large","max-video-preview":"max-video-preview:-1"},"canonical":"https:\/\/weservices.es\/en\/nosotros\/","og_locale":"en_US","og_type":"article","og_title":"NOSOTROS - We Services","og_description":"Sobre nosotros Tenemos m\u00e1s de 10 a\u00f1os de Experiencia Worldwide Exhibit Services, SL es el resultado de una combinaci\u00f3n de conceptos como experiencia, visi\u00f3n y dedicaci\u00f3n al trabajo bien hecho. Nuestra empresa encuentra la uni\u00f3n de varias visiones de lo empresarial y laboral, las diferencias generacionales y de pensamiento, y se confluyen en una visi\u00f3n [&hellip;]","og_url":"https:\/\/weservices.es\/en\/nosotros\/","og_site_name":"We Services","article_modified_time":"2024-02-15T10:38:28+00:00","og_image":[{"url":"https:\/\/weservices.es\/wp-content\/uploads\/2023\/08\/P7.jpg"}],"twitter_card":"summary_large_image","twitter_misc":{"Est. reading time":"1 minute"},"schema":{"@context":"https:\/\/schema.org","@graph":[{"@type":"WebPage","@id":"https:\/\/weservices.es\/nosotros\/","url":"https:\/\/weservices.es\/nosotros\/","name":"NOSOTROS - We Services","isPartOf":{"@id":"https:\/\/weservices.es\/#website"},"primaryImageOfPage":{"@id":"https:\/\/weservices.es\/nosotros\/#primaryimage"},"image":{"@id":"https:\/\/weservices.es\/nosotros\/#primaryimage"},"thumbnailUrl":"https:\/\/weservices.es\/wp-content\/uploads\/2023\/08\/P7.jpg","datePublished":"2023-08-30T18:35:29+00:00","dateModified":"2024-02-15T10:38:28+00:00","breadcrumb":{"@id":"https:\/\/weservices.es\/nosotros\/#breadcrumb"},"inLanguage":"en-US","potentialAction":[{"@type":"ReadAction","target":["https:\/\/weservices.es\/nosotros\/"]}]},{"@type":"ImageObject","inLanguage":"en-US","@id":"https:\/\/weservices.es\/nosotros\/#primaryimage","url":"https:\/\/weservices.es\/wp-content\/uploads\/2023\/08\/P7.jpg","contentUrl":"https:\/\/weservices.es\/wp-content\/uploads\/2023\/08\/P7.jpg","width":600,"height":900},{"@type":"BreadcrumbList","@id":"https:\/\/weservices.es\/nosotros\/#breadcrumb","itemListElement":[{"@type":"ListItem","position":1,"name":"Portada","item":"https:\/\/weservices.es\/"},{"@type":"ListItem","position":2,"name":"NOSOTROS"}]},{"@type":"WebSite","@id":"https:\/\/weservices.es\/#website","url":"https:\/\/weservices.es\/","name":"We Services","description":"Transport for fairs and events","potentialAction":[{"@type":"SearchAction","target":{"@type":"EntryPoint","urlTemplate":"https:\/\/weservices.es\/?s={search_term_string}"},"query-input":"required name=search_term_string"}],"inLanguage":"en-US"}]}},"_links":{"self":[{"href":"https:\/\/weservices.es\/en\/wp-json\/wp\/v2\/pages\/46"}],"collection":[{"href":"https:\/\/weservices.es\/en\/wp-json\/wp\/v2\/pages"}],"about":[{"href":"https:\/\/weservices.es\/en\/wp-json\/wp\/v2\/types\/page"}],"author":[{"embeddable":true,"href":"https:\/\/weservices.es\/en\/wp-json\/wp\/v2\/users\/2"}],"replies":[{"embeddable":true,"href":"https:\/\/weservices.es\/en\/wp-json\/wp\/v2\/comments?post=46"}],"version-history":[{"count":77,"href":"https:\/\/weservices.es\/en\/wp-json\/wp\/v2\/pages\/46\/revisions"}],"predecessor-version":[{"id":1734,"href":"https:\/\/weservices.es\/en\/wp-json\/wp\/v2\/pages\/46\/revisions\/1734"}],"wp:attachment":[{"href":"https:\/\/weservices.es\/en\/wp-json\/wp\/v2\/media?parent=46"}],"curies":[{"name":"wp","href":"https:\/\/api.w.org\/{rel}","templated":true}]}}